{"id":86,"date":"2022-08-10T11:15:18","date_gmt":"2022-08-10T09:15:18","guid":{"rendered":"https:\/\/wordpress.vecurosoft.com\/techbiz\/?page_id=86"},"modified":"2025-06-02T07:23:33","modified_gmt":"2025-06-02T00:23:33","slug":"lien-he","status":"publish","type":"page","link":"https:\/\/thanhhuyencloud.org.vn\/?page_id=86","title":{"rendered":"Li\u00ean h\u1ec7"},"content":{"rendered":"\t\t<div data-elementor-type=\"wp-page\" data-elementor-id=\"86\" class=\"elementor elementor-86\" data-elementor-post-type=\"page\">\n\t\t\t\t\t\t<section class=\"elementor-section elementor-top-section elementor-element elementor-element-33b4740 elementor-section-full_width elementor-section-height-default elementor-section-height-default\" data-id=\"33b4740\" data-element_type=\"section\">\n\t\t\t\t\t\t<div class=\"elementor-container elementor-column-gap-no\">\n\t\t\t\t\t<div class=\"elementor-column elementor-col-100 elementor-top-column elementor-element elementor-element-55f84ff\" data-id=\"55f84ff\" data-element_type=\"column\">\n\t\t\t<div class=\"elementor-widget-wrap elementor-element-populated\">\n\t\t\t\t\t\t<section class=\"elementor-section elementor-inner-section elementor-element elementor-element-1cd676f elementor-section-boxed elementor-section-height-default elementor-section-height-default\" data-id=\"1cd676f\" data-element_type=\"section\">\n\t\t\t\t\t\t<div class=\"elementor-container elementor-column-gap-no\">\n\t\t\t\t\t<div class=\"elementor-column elementor-col-50 elementor-inner-column elementor-element elementor-element-35e1b6f\" data-id=\"35e1b6f\" data-element_type=\"column\">\n\t\t\t<div class=\"elementor-widget-wrap elementor-element-populated\">\n\t\t\t\t\t\t<div class=\"elementor-element elementor-element-e305919 elementor-widget elementor-widget-text-editor\" data-id=\"e305919\" data-element_type=\"widget\" data-widget_type=\"text-editor.default\">\n\t\t\t\t<div class=\"elementor-widget-container\">\n\t\t\t\t\t\t\t<div class=\"contact-box\"><h3 class=\"contact-box__title h4\">V\u0103n ph\u00f2ng ch\u00ednh<\/h3><p class=\"contact-box__text\"><strong data-entity-type=\"MessageEntityBold\">14-15A, T\u1ea7ng 7, To\u00e0 nh\u00e0 Charmvit, s\u1ed1 117 Tr\u1ea7n Duy H\u01b0ng, Ph\u01b0\u1eddng Trung Ho\u00e0, Qu\u1eadn C\u1ea7u Gi\u1ea5y, Tp. H\u00e0 N\u1ed9i<\/strong><\/p><div class=\"contact-box__item\"><div class=\"contact-box__icon\">\u00a0<\/div><div class=\"media-body\"><h4 class=\"contact-box__label\">\u0110i\u1ec7n tho\u1ea1i &amp; Email<\/h4><p class=\"contact-box__info\"><a class=\"text-entity-link\" dir=\"auto\" href=\"tel:02471222555\" data-entity-type=\"MessageEntityPhone\"><strong data-entity-type=\"MessageEntityBold\">024 712 225 55<\/strong><\/a><br \/><a href=\"mailto:info@thanhhuyencloud.org.vn\">info@thanhhuyencloud.org.vn<\/a><\/p><\/div><\/div><div class=\"contact-box__item\"><div class=\"contact-box__icon\">\u00a0<\/div><div class=\"media-body\"><h4 class=\"contact-box__label\">Gi\u1edd l\u00e0m vi\u1ec7c<\/h4><p class=\"contact-box__info\">07:00 AM \u2013 06:00 PM ( T2 \u2013 T6 )<br \/>T7, CN &amp; Ng\u00e0y l\u1ec5: Ngh\u1ec9<\/p><\/div><\/div><\/div>\t\t\t\t\t\t<\/div>\n\t\t\t\t<\/div>\n\t\t\t\t\t<\/div>\n\t\t<\/div>\n\t\t\t\t<div class=\"elementor-column elementor-col-50 elementor-inner-column elementor-element elementor-element-0b1b19b\" data-id=\"0b1b19b\" data-element_type=\"column\">\n\t\t\t<div class=\"elementor-widget-wrap elementor-element-populated\">\n\t\t\t\t\t\t<div class=\"elementor-element elementor-element-6fb1070 elementor-widget elementor-widget-shortcode\" data-id=\"6fb1070\" data-element_type=\"widget\" data-widget_type=\"shortcode.default\">\n\t\t\t\t<div class=\"elementor-widget-container\">\n\t\t\t\t\t<div class=\"elementor-shortcode\">\n<div class=\"wpcf7 no-js\" id=\"wpcf7-f1639-o1\" lang=\"en-US\" dir=\"ltr\" data-wpcf7-id=\"1639\">\n<div class=\"screen-reader-response\"><p role=\"status\" aria-live=\"polite\" aria-atomic=\"true\"><\/p> <ul><\/ul><\/div>\n<form action=\"\/index.php?rest_route=%2Fwp%2Fv2%2Fpages%2F86#wpcf7-f1639-o1\" method=\"post\" class=\"wpcf7-form init\" aria-label=\"Contact form\" novalidate=\"novalidate\" data-status=\"init\">\n<div style=\"display: none;\">\n<input type=\"hidden\" name=\"_wpcf7\" value=\"1639\" \/>\n<input type=\"hidden\" name=\"_wpcf7_version\" value=\"6.0\" \/>\n<input type=\"hidden\" name=\"_wpcf7_locale\" value=\"en_US\" \/>\n<input type=\"hidden\" name=\"_wpcf7_unit_tag\" value=\"wpcf7-f1639-o1\" \/>\n<input type=\"hidden\" name=\"_wpcf7_container_post\" value=\"0\" \/>\n<input type=\"hidden\" name=\"_wpcf7_posted_data_hash\" value=\"\" \/>\n<\/div>\n<div class=\"contact-box\">\n<h2 class=\"contact-box__title h4\">\u0110\u1ec3 l\u1ea1i tin nh\u1eafn cho Thanh Huyen Cloud<\/h3><p class=\"contact-box__text\">Ch\u00fang t\u00f4i lu\u00f4n s\u1eb5n s\u00e0ng gi\u00fap \u0111\u1ee1 b\u1ea1n<\/p>\n<div class=\"contact-box__form\">\n<div class=\"row gx-20\">\n                        <div class=\"col-md-6 form-group\">\n                            <span class=\"wpcf7-form-control-wrap\" data-name=\"text-69\"><input size=\"40\" maxlength=\"400\" class=\"wpcf7-form-control wpcf7-text wpcf7-validates-as-required\" aria-required=\"true\" aria-invalid=\"false\" placeholder=\"H\u1ecd t\u00ean\" value=\"\" type=\"text\" name=\"text-69\" \/><\/span><i class=\"fal fa-user\"><\/i>\n                        <\/div>\n                        <div class=\"col-md-6 form-group\">\n                            <span class=\"wpcf7-form-control-wrap\" data-name=\"email-564\"><input size=\"40\" maxlength=\"400\" class=\"wpcf7-form-control wpcf7-email wpcf7-validates-as-required wpcf7-text wpcf7-validates-as-email\" aria-required=\"true\" aria-invalid=\"false\" placeholder=\"Email\" value=\"\" type=\"email\" name=\"email-564\" \/><\/span><i class=\"fal fa-envelope\"><\/i>\n                        <\/div>\n                        <div class=\"col-md-12 form-group\">\n                            <span class=\"wpcf7-form-control-wrap\" data-name=\"tel-84\"><input size=\"40\" maxlength=\"400\" class=\"wpcf7-form-control wpcf7-tel wpcf7-text wpcf7-validates-as-tel\" aria-invalid=\"false\" value=\"S\u1ed1 \u0111i\u1ec7n tho\u1ea1i\" type=\"tel\" name=\"tel-84\" \/><\/span><i class=\"fal fa-mobile\"><\/i>\n                        <\/div>\n                        <div class=\"col-md-12 form-group\">\n                            <span class=\"wpcf7-form-control-wrap\" data-name=\"menu-993\"><select class=\"wpcf7-form-control wpcf7-select wpcf7-validates-as-required\" aria-required=\"true\" aria-invalid=\"false\" name=\"menu-993\"><option value=\"Cloud Services\">Cloud Services<\/option><option value=\"Game\/Software Development\">Game\/Software Development<\/option><option value=\"Web\/App Acceleration and Security\">Web\/App Acceleration and Security<\/option><option value=\"Managed Services\">Managed Services<\/option><option value=\"Li\u00ean h\u1ec7 kh\u00e1c\">Li\u00ean h\u1ec7 kh\u00e1c<\/option><\/select><\/span>\n                        <\/div>\n                        <div class=\"col-12 form-group\">\n                            <span class=\"wpcf7-form-control-wrap\" data-name=\"textarea-218\"><textarea cols=\"40\" rows=\"10\" maxlength=\"2000\" class=\"wpcf7-form-control wpcf7-textarea wpcf7-validates-as-required\" aria-required=\"true\" aria-invalid=\"false\" placeholder=\"N\u1ed9i dung\" name=\"textarea-218\"><\/textarea><\/span>\n                        <\/div>\n                        <div class=\"col-12\">\n                            <button class=\"vs-btn wpcf7-submit\">G\u1eedi n\u1ed9i dung<i class=\"far fa-arrow-right\"><\/i><\/button>\n                        <\/div>\n                    <\/div>\n<\/div>\n <\/div><div class=\"wpcf7-response-output\" aria-hidden=\"true\"><\/div>\n<\/form>\n<\/div>\n<\/div>\n\t\t\t\t<\/div>\n\t\t\t\t<\/div>\n\t\t\t\t\t<\/div>\n\t\t<\/div>\n\t\t\t\t\t<\/div>\n\t\t<\/section>\n\t\t\t\t\t<\/div>\n\t\t<\/div>\n\t\t\t\t\t<\/div>\n\t\t<\/section>\n\t\t\t\t<\/div>\n\t\t","protected":false},"excerpt":{"rendered":"<p>V\u0103n ph\u00f2ng ch\u00ednh 14-15A, T\u1ea7ng 7, To\u00e0 nh\u00e0 Charmvit, s\u1ed1 117 Tr\u1ea7n Duy H\u01b0ng, Ph\u01b0\u1eddng Trung Ho\u00e0, Qu\u1eadn C\u1ea7u Gi\u1ea5y, Tp. H\u00e0 N\u1ed9i \u00a0 \u0110i\u1ec7n tho\u1ea1i &amp; Email 024 712 225 55info@thanhhuyencloud.org.vn \u00a0 Gi\u1edd l\u00e0m vi\u1ec7c 07:00 AM \u2013 06:00 PM ( T2 \u2013 T6 )T7, CN &amp; Ng\u00e0y l\u1ec5: Ngh\u1ec9<\/p>\n","protected":false},"author":1,"featured_media":0,"parent":0,"menu_order":0,"comment_status":"closed","ping_status":"closed","template":"template-builder.php","meta":{"om_disable_all_campaigns":false,"_monsterinsights_skip_tracking":false,"_monsterinsights_sitenote_active":false,"_monsterinsights_sitenote_note":"","_monsterinsights_sitenote_category":0,"_uf_show_specific_survey":0,"_uf_disable_surveys":false,"footnotes":""},"class_list":["post-86","page","type-page","status-publish","hentry"],"aioseo_notices":[],"_links":{"self":[{"href":"https:\/\/thanhhuyencloud.org.vn\/index.php?rest_route=\/wp\/v2\/pages\/86","targetHints":{"allow":["GET"]}}],"collection":[{"href":"https:\/\/thanhhuyencloud.org.vn\/index.php?rest_route=\/wp\/v2\/pages"}],"about":[{"href":"https:\/\/thanhhuyencloud.org.vn\/index.php?rest_route=\/wp\/v2\/types\/page"}],"author":[{"embeddable":true,"href":"https:\/\/thanhhuyencloud.org.vn\/index.php?rest_route=\/wp\/v2\/users\/1"}],"replies":[{"embeddable":true,"href":"https:\/\/thanhhuyencloud.org.vn\/index.php?rest_route=%2Fwp%2Fv2%2Fcomments&post=86"}],"version-history":[{"count":19,"href":"https:\/\/thanhhuyencloud.org.vn\/index.php?rest_route=\/wp\/v2\/pages\/86\/revisions"}],"predecessor-version":[{"id":9312,"href":"https:\/\/thanhhuyencloud.org.vn\/index.php?rest_route=\/wp\/v2\/pages\/86\/revisions\/9312"}],"wp:attachment":[{"href":"https:\/\/thanhhuyencloud.org.vn\/index.php?rest_route=%2Fwp%2Fv2%2Fmedia&parent=86"}],"curies":[{"name":"wp","href":"https:\/\/api.w.org\/{rel}","templated":true}]}}